{"id":461,"date":"2021-10-19T05:52:38","date_gmt":"2021-10-19T05:52:38","guid":{"rendered":"http:\/\/www.neckargemuend-aktuell.de\/?page_id=461"},"modified":"2026-03-31T08:34:52","modified_gmt":"2026-03-31T08:34:52","slug":"herzlich-willkommen","status":"publish","type":"page","link":"https:\/\/www.neckargemuend-aktuell.de\/","title":{"rendered":"Herzlich willkommen!"},"content":{"rendered":"<ul class=\"slider\">\n<li style=\"list-style-type: none;\">\n<ul class=\"slider\">\n<li><a href=\"https:\/\/www.neckargemuend-aktuell.de\/?cat=16&amp;view=list\"><img decoding=\"async\" src=\"https:\/\/www.neckargemuend-aktuell.de\/wp-content\/uploads\/2021\/10\/slide_ab.png\"><\/a><\/li>\n<\/ul>\n<\/li>\n<\/ul>\n<p><!--\n \t\n\n<li><a href=\"https:\/\/www.neckargemuend-aktuell.de\/?page_id=626\"><img decoding=\"async\" src=\"https:\/\/www.neckargemuend-aktuell.de\/wp-content\/uploads\/2017\/04\/gewerbe.jpg\" \/><\/a><\/li>\n\n\n \t\n\n<li><a href=\"https:\/\/www.neckargemuend-aktuell.de\/?page_id=433\"><img decoding=\"async\" src=\"https:\/\/www.neckargemuend-aktuell.de\/wp-content\/uploads\/2017\/04\/gutschein.jpg\" \/><\/a><\/li>\n\n\n \t\n\n<li><a href=\"https:\/\/www.neckargemuend-aktuell.de\/?page_id=584\"><img decoding=\"async\" src=\"https:\/\/www.neckargemuend-aktuell.de\/wp-content\/uploads\/2017\/04\/n-aktuell.jpg\" \/><\/a><\/li>\n\n\n--><\/p>\n<section id=\"portfolio\" class=\"page-section\" style=\"padding: 0rem 0;\">\n<div class=\"container\">\n<div class=\"text-center\">\n<h2 class=\"section-heading text-uppercase\" style=\"color: rgba(117,184,55,1);\">Herzlich willkommen!<\/h2>\n<h3 class=\"section-subheading text-muted\">Es lebt sich leicht in Neckargem\u00fcnd, denn es findet sich (fast alles) vor Ort. Genie\u00dfen Sie die M\u00f6glichkeiten der Kultur- und Freizeitangebote, nutzen Sie die verschiedenen Kinderbetreuungs- und Schulangebote, die kurzen Wege innerhalb der Stadt und der Region und nat\u00fcrlich auch das \u00f6rtliche Gesch\u00e4fts- und Dienstleistungsangebot. Zur besseren \u00dcbersicht finden Sie auf diesen Seiten Hinweise oder Links, damit sich Ihnen die vielen M\u00f6glichkeiten besser erschlie\u00dfen.<br \/>\nIhr Gewerbeverein Neckargem\u00fcnd e.V.<\/h3>\n<p><a href=\"http:\/\/www.neckargemuend-aktuell.de\/?p=2759\"><img decoding=\"async\" class=\"img-fluid\" src=\"https:\/\/www.neckargemuend-aktuell.de\/wp-content\/uploads\/2026\/03\/post_04-2026.jpg\" alt=\"\" width=\"50%\"><\/a><\/p>\n<p>&nbsp;<\/p>\n<p><center><a href=\"http:\/\/www.neckargemuend-aktuell.de\/?p=2759\"><b>Weitere Informationen und Programm<\/b><\/a><\/center>&nbsp;<\/p>\n<\/div>\n<\/div>\n<\/section>\n<p><!-- Portfolio Grid--><\/p>\n<section id=\"portfolio\" class=\"page-section bg-light\">\n<div class=\"container\">\n<div class=\"text-center\">\n<h2 class=\"section-heading text-uppercase\" style=\"color: rgba(117,184,55,1);\">Highlights<\/h2>\n<h3 class=\"section-subheading text-muted\">&nbsp;<\/h3>\n<\/div>\n<div class=\"row\">\n<div class=\"col-lg-4 col-sm-6 mb-4\">\n<div class=\"portfolio-item\">\n<div class=\"fluidimgborder\">\n<div class=\"productimgfluid\"><img decoding=\"async\" class=\"img-fluid\" src=\"..\/wp-content\/uploads\/2021\/10\/home_abendbummel.jpg\" alt=\"\"><\/div>\n<\/div>\n<div class=\"portfolio-caption\" style=\"z-index: 500 !important; overflow: hidden;\">\n<div class=\"portfolio-caption-heading\"><a style=\"color: #000;\" href=\"https:\/\/www.neckargemuend-aktuell.de\/?cat=16&amp;view=list\">ABENDBUMMEL<\/a><\/div>\n<\/div>\n<\/div>\n<\/div>\n<div class=\"col-lg-4 col-sm-6 mb-4\">\n<div class=\"portfolio-item\">\n<div class=\"fluidimgborder\">\n<div class=\"productimgfluid\"><img decoding=\"async\" class=\"img-fluid\" src=\"..\/wp-content\/uploads\/2021\/10\/home_gutschein.jpg\" alt=\"\"><\/div>\n<\/div>\n<div class=\"portfolio-caption\">\n<div class=\"portfolio-caption-heading\"><a style=\"color: #000;\" href=\"https:\/\/www.neckargemuend-aktuell.de\/?page_id=433\">GESCHENK-GUTSCHEIN<\/a><\/div>\n<\/div>\n<\/div>\n<\/div>\n<div class=\"col-lg-4 col-sm-6 mb-4\">\n<div class=\"portfolio-item\">\n<div class=\"fluidimgborder\">\n<div class=\"productimgfluid\"><img decoding=\"async\" class=\"img-fluid\" src=\"..\/wp-content\/uploads\/2021\/10\/home_aktuell.jpg\" alt=\"\"><\/div>\n<\/div>\n<div class=\"portfolio-caption\">\n<div class=\"portfolio-caption-heading\"><a style=\"color: #000;\" href=\"https:\/\/www.neckargemuend-aktuell.de\/?page_id=584\">NECKARGEM\u00dcND-AKTUELL<\/a><\/div>\n<\/div>\n<\/div>\n<\/div>\n<\/div>\n<\/div>\n<\/section>\n<section id=\"services\" class=\"page-section\" style=\"border: 1px solid #aaa; background: #e6e6e6;\">\n<div class=\"container\">\n<div class=\"text-center\">\n<h2 class=\"section-heading text-uppercase\" style=\"color: rgba(117,184,55,1); font-size: 1.8em;\">Unsere Mitglieder &#8211; Gemeinsam lokal handeln<\/h2>\n<\/div>\n<div class=\"row text-center\">\n<div class=\"col-md-4\"><a href=\"https:\/\/www.neckargemuend-aktuell.de\/?page_id=626&amp;viewcat=1\"><span class=\"fa-stack fa-4x\"> <img decoding=\"async\" src=\"..\/wp-content\/uploads\/2021\/10\/icon_handel.png\" alt=\"\" width=\"80\"><br \/>\n<\/span><\/a>&nbsp;<\/p>\n<h4 class=\"my-3 text-uppercase\">Handel<\/h4>\n<\/div>\n<div class=\"col-md-4\"><a href=\"https:\/\/www.neckargemuend-aktuell.de\/?page_id=626&amp;viewcat=2\"><span class=\"fa-stack fa-4x\"><img decoding=\"async\" src=\"..\/wp-content\/uploads\/2021\/10\/icon_dienst.png\" alt=\"\" width=\"80\"><br \/>\n<\/span><\/a>&nbsp;<\/p>\n<h4 class=\"my-3 text-uppercase\">Dienstleistung<\/h4>\n<\/div>\n<div class=\"col-md-4\"><a href=\"https:\/\/www.neckargemuend-aktuell.de\/?page_id=626&amp;viewcat=3\"><span class=\"fa-stack fa-4x\"><img decoding=\"async\" src=\"..\/wp-content\/uploads\/2021\/10\/icon_gastro.png\" alt=\"\" width=\"80\"><br \/>\n<\/span><\/a>&nbsp;<\/p>\n<h4 class=\"my-3 text-uppercase\">Gastronomie<\/h4>\n<\/div>\n<\/div>\n<div class=\"row text-center\">\n<div class=\"col-md-4\"><a href=\"https:\/\/www.neckargemuend-aktuell.de\/?page_id=626&amp;viewcat=4\"><span class=\"fa-stack fa-4x\"> <img decoding=\"async\" src=\"..\/wp-content\/uploads\/2021\/10\/icon_hotel.png\" alt=\"\" width=\"80\"><br \/>\n<\/span><\/a>&nbsp;<\/p>\n<h4 class=\"my-3 text-uppercase\">Hotelerie<\/h4>\n<\/div>\n<div class=\"col-md-4\"><a href=\"https:\/\/www.neckargemuend-aktuell.de\/?page_id=626&amp;viewcat=5\"><span class=\"fa-stack fa-4x\"><img decoding=\"async\" src=\"..\/wp-content\/uploads\/2021\/10\/icon_handwerk.png\" alt=\"\" width=\"80\"><br \/>\n<\/span><\/a>&nbsp;<\/p>\n<h4 class=\"my-3 text-uppercase\">Handwerk<\/h4>\n<\/div>\n<div class=\"col-md-4\"><a href=\"https:\/\/www.neckargemuend-aktuell.de\/?page_id=626&amp;viewcat=6\"><span class=\"fa-stack fa-4x\"><img decoding=\"async\" src=\"..\/wp-content\/uploads\/2021\/10\/icon_gesund.png\" alt=\"\" width=\"80\"><br \/>\n<\/span><\/a>&nbsp;<\/p>\n<h4 class=\"my-3 text-uppercase\">Gesundheitswesen<\/h4>\n<\/div>\n<\/div>\n<\/div>\n<\/section>\n<p><!-- Portfolio Grid--><\/p>\n<section id=\"portfolio\" class=\"page-section bg-light\">\n<div class=\"container\">\n<div class=\"text-center\">\n<h2 class=\"section-heading text-uppercase\" style=\"color: rgba(117,184,55,1);\">Der Verein &#8211; Wir f\u00fcr Sie<\/h2>\n<h3 class=\"section-subheading text-muted\">Der Neckargem\u00fcnder Gewerbeverein m\u00f6chte f\u00fcr seine Mitglieder die interne Kommunikation st\u00e4rken, mit geb\u00fcndelten Werbema\u00dfnahmen intensiver werben und f\u00f6rdern, gemeinsame Interessen wahrnehmen und gegen\u00fcber Dritten vertreten, Fachvortr\u00e4ge anbieten und Weiterbildungsma\u00dfnahmen diverser Tr\u00e4ger publik machen.<\/h3>\n<\/div>\n<div class=\"row\">\n<div class=\"col-lg-4 col-sm-6 mb-4\">\n<div class=\"portfolio-item\">\n<div class=\"fluidimgborder\">\n<div class=\"productimgfluid\"><img decoding=\"async\" class=\"img-fluid\" src=\"..\/wp-content\/uploads\/2021\/10\/home_vorstand.jpg\" alt=\"\"><\/div>\n<\/div>\n<div class=\"portfolio-caption\" style=\"z-index: 500 !important; overflow: hidden;\">\n<div class=\"portfolio-caption-heading\"><a style=\"color: #000;\" href=\"https:\/\/www.neckargemuend-aktuell.de\/?page_id=785\">VORSTAND<\/a><\/div>\n<\/div>\n<\/div>\n<\/div>\n<div class=\"col-lg-4 col-sm-6 mb-4\">\n<div class=\"portfolio-item\">\n<div class=\"fluidimgborder\">\n<div class=\"productimgfluid\"><img decoding=\"async\" class=\"img-fluid\" src=\"..\/wp-content\/uploads\/2021\/10\/home_service.jpg\" alt=\"\"><\/div>\n<\/div>\n<div class=\"portfolio-caption\">\n<div class=\"portfolio-caption-heading\"><a style=\"color: #000;\" href=\"https:\/\/www.neckargemuend-aktuell.de\/?page_id=447\">SERVICE<\/a><\/div>\n<\/div>\n<\/div>\n<\/div>\n<div class=\"col-lg-4 col-sm-6 mb-4\">\n<div class=\"portfolio-item\">\n<div class=\"fluidimgborder\">\n<div class=\"productimgfluid\"><img decoding=\"async\" class=\"img-fluid\" src=\"..\/wp-content\/uploads\/2021\/10\/home_mitglied.jpg\" alt=\"\"><\/div>\n<\/div>\n<div class=\"portfolio-caption\">\n<div class=\"portfolio-caption-heading\"><a style=\"color: #000;\" href=\"https:\/\/www.neckargemuend-aktuell.de\/?page_id=787\">MITGLIED WERDEN<\/a><\/div>\n<\/div>\n<\/div>\n<\/div>\n<\/div>\n<\/div>\n<\/section>\n<section id=\"services\" class=\"page-section\">\n<div class=\"container\" style=\"background-color: #ffffff;\">\n<div class=\"text-center\">\n<h3 class=\"section-heading text-uppercase\" style=\"color: rgba(117,184,55,1);\">Unterst\u00fctzt durch:<\/h3>\n<\/div>\n<div class=\"row text-center\">\n<div class=\"col-md-4\"><img decoding=\"async\" src=\"..\/wp-content\/uploads\/2025\/12\/sparkasse_foerder.jpg\" alt=\"\" width=\"225\"><\/div>\n<div class=\"col-md-4\"><img decoding=\"async\" src=\"..\/wp-content\/uploads\/2025\/12\/voba-foerder.jpg\" alt=\"\" width=\"225\"><\/div>\n<div class=\"col-md-4\"><img decoding=\"async\" src=\"..\/wp-content\/uploads\/2025\/12\/ngd-logo.png\" alt=\"\" width=\"225\"><\/div>\n<\/div>\n<\/div>\n<\/section>\n<section id=\"services\" class=\"page-section\">\n<div class=\"container\">\n<div class=\"text-center\">\n<h2 class=\"section-heading text-uppercase\" style=\"color: rgba(117,184,55,1);\">social media<\/h2>\n<\/div>\n<div class=\"row text-center\">\n<div class=\"col-md-4\"><a href=\"https:\/\/www.facebook.com\/GewerbevereinNeckargemuend\" target=\"_blank\" rel=\"noopener\"><span class=\"fa-stack fa-4x\"> <img decoding=\"async\" src=\"..\/wp-content\/uploads\/2021\/10\/icon_fb.png\" alt=\"\" width=\"80\"><br \/>\n<\/span><\/a>&nbsp;<\/p>\n<h4 class=\"my-3 text-uppercase\">Facebook-Seite<br \/>\nGewerbeverein<\/h4>\n<\/div>\n<div class=\"col-md-4\"><a href=\"https:\/\/www.facebook.com\/Abendbummel-Neckargem%C3%BCnd-205996939427729\/\" target=\"_blank\" rel=\"noopener\"><span class=\"fa-stack fa-4x\"><img decoding=\"async\" src=\"..\/wp-content\/uploads\/2021\/10\/icon_fb.png\" alt=\"\" width=\"80\"><br \/>\n<\/span><\/a>&nbsp;<\/p>\n<h4 class=\"my-3 text-uppercase\">Facebook-Seite<br \/>\nAbendbummel<\/h4>\n<\/div>\n<div class=\"col-md-4\"><a href=\"https:\/\/www.instagram.com\/gewerbevereinneckargemuend\/\" target=\"_blank\" rel=\"noopener\"><span class=\"fa-stack fa-4x\"><img decoding=\"async\" src=\"..\/wp-content\/uploads\/2021\/10\/icon_inst.png\" alt=\"\" width=\"80\"><br \/>\n<\/span><\/a>&nbsp;<\/p>\n<h4 class=\"my-3 text-uppercase\">Instagram<br \/>\nGewerbeverein<\/h4>\n<\/div>\n<\/div>\n<\/div>\n<\/section>\n","protected":false},"excerpt":{"rendered":"<p>Herzlich willkommen! Es lebt sich leicht in Neckargem\u00fcnd, denn es findet sich (fast alles) vor Ort. Genie\u00dfen Sie die M\u00f6glichkeiten der Kultur- und Freizeitangebote, nutzen Sie die verschiedenen Kinderbetreuungs- und&#8230;<\/p>\n","protected":false},"author":1,"featured_media":0,"parent":0,"menu_order":0,"comment_status":"open","ping_status":"open","template":"","meta":[],"categories":[],"tags":[],"_links":{"self":[{"href":"https:\/\/www.neckargemuend-aktuell.de\/index.php?rest_route=\/wp\/v2\/pages\/461"}],"collection":[{"href":"https:\/\/www.neckargemuend-aktuell.de\/index.php?rest_route=\/wp\/v2\/pages"}],"about":[{"href":"https:\/\/www.neckargemuend-aktuell.de\/index.php?rest_route=\/wp\/v2\/types\/page"}],"author":[{"embeddable":true,"href":"https:\/\/www.neckargemuend-aktuell.de\/index.php?rest_route=\/wp\/v2\/users\/1"}],"replies":[{"embeddable":true,"href":"https:\/\/www.neckargemuend-aktuell.de\/index.php?rest_route=%2Fwp%2Fv2%2Fcomments&post=461"}],"version-history":[{"count":133,"href":"https:\/\/www.neckargemuend-aktuell.de\/index.php?rest_route=\/wp\/v2\/pages\/461\/revisions"}],"predecessor-version":[{"id":2765,"href":"https:\/\/www.neckargemuend-aktuell.de\/index.php?rest_route=\/wp\/v2\/pages\/461\/revisions\/2765"}],"wp:attachment":[{"href":"https:\/\/www.neckargemuend-aktuell.de\/index.php?rest_route=%2Fwp%2Fv2%2Fmedia&parent=461"}],"wp:term":[{"taxonomy":"category","embeddable":true,"href":"https:\/\/www.neckargemuend-aktuell.de\/index.php?rest_route=%2Fwp%2Fv2%2Fcategories&post=461"},{"taxonomy":"post_tag","embeddable":true,"href":"https:\/\/www.neckargemuend-aktuell.de\/index.php?rest_route=%2Fwp%2Fv2%2Ftags&post=461"}],"curies":[{"name":"wp","href":"https:\/\/api.w.org\/{rel}","templated":true}]}}