{"id":787,"date":"2017-04-26T15:54:15","date_gmt":"2017-04-26T15:54:15","guid":{"rendered":"http:\/\/www.neckargemuend-aktuell.de\/?page_id=787"},"modified":"2025-06-06T12:16:41","modified_gmt":"2025-06-06T12:16:41","slug":"mitglied-werden","status":"publish","type":"page","link":"https:\/\/www.neckargemuend-aktuell.de\/?page_id=787","title":{"rendered":"Mitglied werden"},"content":{"rendered":"<div style=\"width: 50%; margin-left: auto; margin-right: auto;\">\n<p style=\"font-weight: bold; padding: 15px; background: rgba(117,184,55,1); border-radius: 5px; text-align: center;\"><a style=\"color: #fff;\" href=\"https:\/\/www.neckargemuend-aktuell.de\/wp-content\/uploads\/2025\/06\/beitrittserklaerung_gewerbeverein_befuellbar-25.pdf\" target=\"_blank\" rel=\"noopener\">Hier Beitrittsformular herunterladen (PDF Datei ausf\u00fcllbar)<\/a><\/p>\n<\/div>\n<p>Sie haben sich entschlossen, die nachstehenden Vorteile einer Mitgliedschaft im Gewerbeverein zu nutzen?<\/p>\n<p>&#8211; Kostenloser Eintrag im Neub\u00fcrger-Gutscheinheft (Auflage alle zwei Jahre, Auslauf 2017)<\/p>\n<p>&#8211; Kostenfreie Aktionshinweise der teilnehmenden Gesch\u00e4fte\/Dienstleister bei Abendbummel-Veranstaltungen im Flyer<\/p>\n<p>&#8211; Kostenfreie Ver\u00f6ffentlichung von Neuer\u00f6ffnungen, Umz\u00fcgen, Ver\u00e4nderungen und Jubil\u00e4en im Neckargem\u00fcnd aktuell (einmal im Quartal)<\/p>\n<p>&#8211; Vorteile durch Sonderkonditionsverhandlungen bei RNZ-Anzeigenreihen<\/p>\n<p>&#8211; Kostenfreier Eintrag auf der Internetseite des Gewerbevereins mit Logo, Text, Bild und Linksetzung auf die eigene Homepage<\/p>\n<p>&#8211; Vertrieb von Geschenkgutscheinen des Gewerbevereins zur alleinigen Einl\u00f6sung bei seinen Mitgliedern<\/p>\n<p>&#8211; Aktuelle Informationen per Rund-Mail<\/p>\n<p>&#8211; Meist kostenfreie Workshops \/ Vortragsveranstaltungen<\/p>\n<p>&#8211; Jahresauftaktveranstaltung f\u00fcr den zwanglosen Gedankenaustausch<\/p>\n<p>Bitte nutzen Sie das zur Verf\u00fcgung stehende Beitrittsformular und lassen Sie es ausgef\u00fcllt und unterschrieben dem Verein zukommen. Sie k\u00f6nnen das Schreiben per Post an Herrn Schmid weiterleiten. Die Adresse befindet sich bereits auf dem Schriftst\u00fcck. In der Regel wird kurzfristig \u00fcber Ihren Antrag entschieden und Sie erhalten eine Best\u00e4tigungs-Mail.<\/p>\n<p>Zum Download: <a href=\"http:\/\/www.neckargemuend-aktuell.de\/wp-content\/uploads\/2025\/06\/beitrittserklaerung_gewerbeverein_befuellbar-25.pdf\" target=\"_blank\" rel=\"noopener\">Beitrittsformular (PDF)<\/a><\/p>\n<p>Wenn Sie das Formular auf Ihrem Rechner speichern, k\u00f6nnen Sie es mit Ihren Daten bef\u00fcllen und ausdrucken.<\/p>\n<p>Zum Download: <a href=\"http:\/\/www.neckargemuend-aktuell.de\/wp-content\/uploads\/2017\/06\/2013-satzung.pdf\" target=\"_blank\" rel=\"noopener\">Satzung (PDF)<\/a><\/p>\n","protected":false},"excerpt":{"rendered":"<p>Hier Beitrittsformular herunterladen (PDF Datei ausf\u00fcllbar) Sie haben sich entschlossen, die nachstehenden Vorteile einer Mitgliedschaft im Gewerbeverein zu nutzen? &#8211; Kostenloser Eintrag im Neub\u00fcrger-Gutscheinheft (Auflage alle zwei Jahre, Auslauf 2017)&#8230;<\/p>\n","protected":false},"author":1,"featured_media":0,"parent":0,"menu_order":0,"comment_status":"closed","ping_status":"closed","template":"page-unterseiten.php","meta":[],"categories":[],"tags":[78,112,77,79],"_links":{"self":[{"href":"https:\/\/www.neckargemuend-aktuell.de\/index.php?rest_route=\/wp\/v2\/pages\/787"}],"collection":[{"href":"https:\/\/www.neckargemuend-aktuell.de\/index.php?rest_route=\/wp\/v2\/pages"}],"about":[{"href":"https:\/\/www.neckargemuend-aktuell.de\/index.php?rest_route=\/wp\/v2\/types\/page"}],"author":[{"embeddable":true,"href":"https:\/\/www.neckargemuend-aktuell.de\/index.php?rest_route=\/wp\/v2\/users\/1"}],"replies":[{"embeddable":true,"href":"https:\/\/www.neckargemuend-aktuell.de\/index.php?rest_route=%2Fwp%2Fv2%2Fcomments&post=787"}],"version-history":[{"count":10,"href":"https:\/\/www.neckargemuend-aktuell.de\/index.php?rest_route=\/wp\/v2\/pages\/787\/revisions"}],"predecessor-version":[{"id":2661,"href":"https:\/\/www.neckargemuend-aktuell.de\/index.php?rest_route=\/wp\/v2\/pages\/787\/revisions\/2661"}],"wp:attachment":[{"href":"https:\/\/www.neckargemuend-aktuell.de\/index.php?rest_route=%2Fwp%2Fv2%2Fmedia&parent=787"}],"wp:term":[{"taxonomy":"category","embeddable":true,"href":"https:\/\/www.neckargemuend-aktuell.de\/index.php?rest_route=%2Fwp%2Fv2%2Fcategories&post=787"},{"taxonomy":"post_tag","embeddable":true,"href":"https:\/\/www.neckargemuend-aktuell.de\/index.php?rest_route=%2Fwp%2Fv2%2Ftags&post=787"}],"curies":[{"name":"wp","href":"https:\/\/api.w.org\/{rel}","templated":true}]}}